{"id":4730,"date":"2024-04-10T16:30:33","date_gmt":"2024-04-10T16:30:33","guid":{"rendered":"https:\/\/www.plancherchic.com\/boutique\/?post_type=product&#038;p=4730"},"modified":"2024-04-10T17:49:21","modified_gmt":"2024-04-10T17:49:21","slug":"urethane-aliphatique","status":"publish","type":"product","link":"https:\/\/www.plancherchic.com\/boutique\/product\/urethane-aliphatique\/","title":{"rendered":"Ur\u00e9thane aliphatique"},"content":{"rendered":"<div class=\"fusion-layout-column fusion_builder_column fusion-builder-column-3 fusion_builder_column_1_1 1_1 fusion-flex-column\">\n<div class=\"fusion-column-wrapper fusion-column-has-shadow fusion-flex-justify-content-flex-start fusion-content-layout-column\">\n<div class=\"fusion-title title fusion-title-2 fusion-sep-none fusion-title-center fusion-title-text fusion-title-size-three\">\n<h3>DONN\u00c9ES TECHNIQUES<\/h3>\n<\/div>\n<\/div>\n<\/div>\n<div class=\"fusion-layout-column fusion_builder_column fusion-builder-column-4 fusion_builder_column_1_1 1_1 fusion-flex-column\">\n<div class=\"fusion-column-wrapper fusion-column-has-shadow fusion-flex-justify-content-flex-start fusion-content-layout-column\">\n<div class=\"table-1\">\n<table class=\"table table-hover\">\n<thead><\/thead>\n<tbody>\n<tr>\n<td><span class=\"techkey\">EMBALLAGE<\/span><\/td>\n<td><span class=\"techvalue\">3 US gal (11.35 L) ou 15 US gal (56.7 L)<\/span><\/td>\n<\/tr>\n<tr>\n<td><span class=\"techkey\">COULEUR<\/span><\/td>\n<td><span class=\"techvalue\">PARTIE A: Claire PARTIE B: Clair \u2013 ambr\u00e9<\/span><\/td>\n<\/tr>\n<tr>\n<td><span class=\"techkey\">\u00c9PAISSEUR RECOMMAND\u00c9E (COULEUR UNIE)<\/span><\/td>\n<td><span class=\"techvalue\">APPR\u00caT (PE-100): 10 mils (150 pi\u00b2\/gal)<br \/>\nCOUCHE DE FINITION (PE-100): 16 mils (100 pi\u00b2\/gal)<\/span><\/td>\n<\/tr>\n<tr>\n<td><span class=\"techkey\">\u00c9PAISSEUR RECOMMAND\u00c9E (SYST\u00c8ME \u00c0 FLOCON DE VINYL)<\/span><\/td>\n<td><span class=\"techvalue\">APPR\u00caT (PE-100): 10 mils (150 pi\u00b2\/gal)<br \/>\nCOUCHE DE FINITION (PE-100): 13 mils (120 pi\u00b2\/gal)<\/span><\/td>\n<\/tr>\n<tr>\n<td><span class=\"techkey\">\u00c9PAISSEUR RECOMMAND\u00c9E (METALLIC SYSTEM)<\/span><\/td>\n<td><span class=\"techvalue\">APPR\u00caT (PE-100): 10 mils (150 pi\u00b2\/gal)<br \/>\nCOUCHE DE FINITION (PE-100): 40 mils (40 fpi\u00b2\/gal)<\/span><\/td>\n<\/tr>\n<tr>\n<td><span class=\"techkey\">CONSERVATION<\/span><\/td>\n<td><span class=\"techvalue\">12 mois dans son emballage d\u2019origine ferm\u00e9 et non-ouvert.<br \/>\nTenir \u00e0 l\u2019\u00e9cart du froid extr\u00eame, de la chaleur ou de l\u2019humidit\u00e9. Tenir \u00e0 l\u2019abri de la lumi\u00e8re directe du soleil et loin des risques d\u2019incendie.<\/span><\/td>\n<\/tr>\n<tr>\n<td><span class=\"techkey\">RAPPORT DE MALAXAGE, PAR VOLUME<\/span><\/td>\n<td><span class=\"techvalue\">A:B = 2:1<\/span><\/td>\n<\/tr>\n<tr>\n<td><span class=\"techkey\">RAPPORT DE MALAXAGE, PAR POIDS<\/span><\/td>\n<td><span class=\"techvalue\">Clair: A:B = 100:41-48<br \/>\nColor\u00e9: A:B = 100:39-45<br \/>\nAvec sable de quartz: A:B = 100:50<br \/>\nM\u00e9lange = 200<\/span><\/td>\n<\/tr>\n<tr>\n<td><span class=\"techkey\">VIE EN POT 16 OZ (454 G)<\/span><\/td>\n<td><span class=\"techvalue\">10-15 minutes @ 77\u00b0F (25\u00b0C)<\/span><\/td>\n<\/tr>\n<tr>\n<td><span class=\"techkey\">TEMPS DE TRAVAIL<\/span><\/td>\n<td><span class=\"techvalue\">40 minutes<\/span><\/td>\n<\/tr>\n<tr>\n<td><span class=\"techkey\">COV (G\/L)<\/span><\/td>\n<td><span class=\"techvalue\">75.4 g\/L<\/span><\/td>\n<\/tr>\n<\/tbody>\n<\/table>\n<\/div>\n<\/div>\n<\/div>\n","protected":false},"excerpt":{"rendered":"<div class=\"row\">\n<div class=\"col-md-12\">\n<p>P-AU100 est une couche de finition polyur\u00e9thane polyester aliphatique \u00e0 deux composants, stable aux UV, r\u00e9sistante \u00e0 l\u2019abrasion, aux produits chimiques et aux taches.<\/p>\n<ul>\n<li>Il est disponible en clair brillant, clair satin\u00e9 et peut \u00eatre pigment\u00e9.<\/li>\n<li>Il est conforme aux COV dans toutes les provinces du Canada.<\/li>\n<li>Il durcit en une couche de finition inerte, r\u00e9sistante aux chocs, \u00e0 l\u2019abrasion et aux produits chimiques.<\/li>\n<li>Il r\u00e9siste au Skydrol, \u00e0 la b\u00e9tadine et \u00e0 la coloration conventionnelle des pneus chauds.<\/li>\n<li>Excellente adh\u00e9rence au syst\u00e8me \u00e9poxy.<\/li>\n<li>Il n\u00e9cessite un appr\u00eat, un appr\u00eat polyur\u00e9thane-acrylique et un scellant pour b\u00e9ton, lorsqu\u2019il est appliqu\u00e9 sur des rev\u00eatements de b\u00e9ton et de ciment correctement pr\u00e9par\u00e9s.<\/li>\n<li>Il est utilis\u00e9 comme couche de finition am\u00e9lior\u00e9e sur les produits et syst\u00e8mes utilis\u00e9s dans les hangars d\u2019avions, les cuisines industrielles, les salles d\u2019exposition automobiles et les ateliers, les laboratoires commerciaux et les installations de recherche, les h\u00f4pitaux et les soins de sant\u00e9, la transformation du vin et des spiritueux et d\u2019autres installations soumises \u00e0 un trafic pi\u00e9tonnier intense, trafic de chariots \u00e9l\u00e9vateurs et attaque chimique.<\/li>\n<\/ul>\n<\/div>\n<\/div>\n<p style=\"color:#fff;\">.<\/p>\n<div class=\"row advantagess\">\n<div class=\"col-md-12\">\n<h3 class=\"section-title\">AVANTAGES<\/h3>\n<ul>\n<li>Longue dur\u00e9e de vie en pot<\/li>\n<li>Odeur respectable<\/li>\n<li>R\u00e9sistance chimique sup\u00e9rieure (par rapport \u00e0 l\u2019\u00e9poxy standard)<\/li>\n<li>Excellente r\u00e9sistance chimique<\/li>\n<li>Stabilit\u00e9 \u00e0 la lumi\u00e8re et bonne r\u00e9tention de la brillance<\/li>\n<li>Conforme aux COV<\/li>\n<\/ul>\n<h3 class=\"section-title\">UTILISATION<\/h3>\n<ul>\n<li>Couche de finition stable aux UV<\/li>\n<li>Planchers de hangars d\u2019avions<\/li>\n<li>Zones de production<\/li>\n<li>Installations d\u2019entretien<\/li>\n<li>Entrep\u00f4ts<\/li>\n<\/ul>\n<\/div>\n<\/div>\n<p style=\"color: #fff;\">.<\/p>\n<p><img decoding=\"async\" class=\"alignnone size-medium wp-image-4777\" src=\"https:\/\/www.plancherchic.com\/boutique\/wp-content\/uploads\/2024\/04\/epoxy-tints.png\" alt=\"\" width=\"100%\" srcset=\"https:\/\/www.plancherchic.com\/boutique\/wp-content\/uploads\/2024\/04\/epoxy-tints.png 735w, https:\/\/www.plancherchic.com\/boutique\/wp-content\/uploads\/2024\/04\/epoxy-tints-300x276.png 300w, https:\/\/www.plancherchic.com\/boutique\/wp-content\/uploads\/2024\/04\/epoxy-tints-600x553.png 600w\" sizes=\"(max-width: 735px) 100vw, 735px\" \/><\/p>\n<p style=\"color:#fff;\">.<\/p>\n","protected":false},"featured_media":4680,"template":"","meta":[],"product_cat":[49],"product_tag":[],"class_list":{"0":"post-4730","1":"product","2":"type-product","3":"status-publish","4":"has-post-thumbnail","6":"product_cat-polyurea","7":"entry","8":"has-media","10":"first","11":"instock","12":"taxable","13":"shipping-taxable","14":"purchasable","15":"product-type-variable","16":"col","17":"span_1_of_3","18":"wvn-content-left","19":"wvn-thumbs-layout-horizontal","20":"wvn-btn-normal","21":"wvn-tabs-layout-horizontal","22":"has-no-thumbnails"},"_links":{"self":[{"href":"https:\/\/www.plancherchic.com\/boutique\/wp-json\/wp\/v2\/product\/4730","targetHints":{"allow":["GET"]}}],"collection":[{"href":"https:\/\/www.plancherchic.com\/boutique\/wp-json\/wp\/v2\/product"}],"about":[{"href":"https:\/\/www.plancherchic.com\/boutique\/wp-json\/wp\/v2\/types\/product"}],"wp:featuredmedia":[{"embeddable":true,"href":"https:\/\/www.plancherchic.com\/boutique\/wp-json\/wp\/v2\/media\/4680"}],"wp:attachment":[{"href":"https:\/\/www.plancherchic.com\/boutique\/wp-json\/wp\/v2\/media?parent=4730"}],"wp:term":[{"taxonomy":"product_cat","embeddable":true,"href":"https:\/\/www.plancherchic.com\/boutique\/wp-json\/wp\/v2\/product_cat?post=4730"},{"taxonomy":"product_tag","embeddable":true,"href":"https:\/\/www.plancherchic.com\/boutique\/wp-json\/wp\/v2\/product_tag?post=4730"}],"curies":[{"name":"wp","href":"https:\/\/api.w.org\/{rel}","templated":true}]}}