{"id":4712,"date":"2024-04-10T16:21:22","date_gmt":"2024-04-10T16:21:22","guid":{"rendered":"https:\/\/www.plancherchic.com\/boutique\/?post_type=product&#038;p=4712"},"modified":"2024-04-10T17:46:25","modified_gmt":"2024-04-10T17:46:25","slug":"epoxy-clair-prise-rapide","status":"publish","type":"product","link":"https:\/\/www.plancherchic.com\/boutique\/product\/epoxy-clair-prise-rapide\/","title":{"rendered":"\u00c9poxy clair \u00e0 prise rapide"},"content":{"rendered":"<div class=\"fusion-layout-column fusion_builder_column fusion-builder-column-3 fusion_builder_column_1_1 1_1 fusion-flex-column\">\n<div class=\"fusion-column-wrapper fusion-column-has-shadow fusion-flex-justify-content-flex-start fusion-content-layout-column\">\n<div class=\"fusion-title title fusion-title-2 fusion-sep-none fusion-title-center fusion-title-text fusion-title-size-three\">\n<h3>DONN\u00c9ES TECHNIQUES<\/h3>\n<\/div>\n<\/div>\n<\/div>\n<div class=\"fusion-layout-column fusion_builder_column fusion-builder-column-4 fusion_builder_column_1_1 1_1 fusion-flex-column\">\n<div class=\"fusion-column-wrapper fusion-column-has-shadow fusion-flex-justify-content-flex-start fusion-content-layout-column\">\n<div class=\"table-1\">\n<table class=\"table table-hover\">\n<thead><\/thead>\n<tbody>\n<tr>\n<td><span class=\"techkey\">EMBALLAGE<\/span><\/td>\n<td><span class=\"techvalue\">3 US gal (11.35 L) ou 15 US gal (56.7 L)<\/span><\/td>\n<\/tr>\n<tr>\n<td><span class=\"techkey\">COULEUR<\/span><\/td>\n<td><span class=\"techvalue\">PARTIE A: Sur demande PARTIE B: Clair \u2013 ambr\u00e9 M\u00c9LANGE : Sur demande<\/span><\/td>\n<\/tr>\n<tr>\n<td><span class=\"techkey\">\u00c9PAISSEUR RECOMMAND\u00c9E (COULEUR UNIE)<\/span><\/td>\n<td><span class=\"techvalue\">APPR\u00caT (PE-100): 10 mils (150 pi\u00b2\/gal)<br \/>\nCOUCHE DE FINITION (PE-100): 16 mils (100 pi\u00b2\/gal)<\/span><\/td>\n<\/tr>\n<tr>\n<td><span class=\"techkey\">\u00c9PAISSEUR RECOMMAND\u00c9E (SYST\u00c8ME \u00c0 FLOCON DE VINYL)<\/span><\/td>\n<td><span class=\"techvalue\">APPR\u00caT (PE-100): 10 mils (150 pi\u00b2\/gal)<br \/>\nCOUCHE DE FINITION (PE-100): 13 mils (120 pi\u00b2\/gal)<\/span><\/td>\n<\/tr>\n<tr>\n<td><span class=\"techkey\">\u00c9PAISSEUR RECOMMAND\u00c9E (METALLIC SYSTEM)<\/span><\/td>\n<td><span class=\"techvalue\">APPR\u00caT (PE-100): 10 mils (150 pi\u00b2\/gal)<br \/>\nCOUCHE DE FINITION (PE-100): 40 mils (40 fpi\u00b2\/gal)<\/span><\/td>\n<\/tr>\n<tr>\n<td><span class=\"techkey\">CONSERVATION<\/span><\/td>\n<td><span class=\"techvalue\">12 mois dans son emballage d\u2019origine ferm\u00e9 et non-ouvert.<br \/>\nTenir \u00e0 l\u2019\u00e9cart du froid extr\u00eame, de la chaleur ou de l\u2019humidit\u00e9. Tenir \u00e0 l\u2019abri de la lumi\u00e8re directe du soleil et loin des risques d\u2019incendie.<\/span><\/td>\n<\/tr>\n<tr>\n<td><span class=\"techkey\">RAPPORT DE MALAXAGE, PAR VOLUME<\/span><\/td>\n<td><span class=\"techvalue\">A:B = 2:1<\/span><\/td>\n<\/tr>\n<tr>\n<td><span class=\"techkey\">RAPPORT DE MALAXAGE, PAR POIDS<\/span><\/td>\n<td><span class=\"techvalue\">Clair: A:B = 100:41-48<br \/>\nColor\u00e9: A:B = 100:39-45<br \/>\nAvec sable de quartz: A:B = 100:50<br \/>\nM\u00e9lange = 200<\/span><\/td>\n<\/tr>\n<tr>\n<td><span class=\"techkey\">VIE EN POT 16 OZ (454 G)<\/span><\/td>\n<td><span class=\"techvalue\">10-15 minutes @ 77\u00b0F (25\u00b0C)<\/span><\/td>\n<\/tr>\n<tr>\n<td><span class=\"techkey\">COV (G\/L)<\/span><\/td>\n<td><span class=\"techvalue\">75.4 g\/L<\/span><\/td>\n<\/tr>\n<tr>\n<td colspan=\"2\" align=\"left\">&nbsp;<\/p>\n<p><strong>NOTE IMPORTANTE:<\/strong>\u00a0PROPRI\u00c9T\u00c9S @ 73\u00b0F (23 \u00b0C) et 50% H.R. Les dur\u00e9es peuvent varier, elles seront affect\u00e9es par les conditions ambiantes changeantes, en particulier les changements de temp\u00e9rature et d\u2019humidit\u00e9 relative. La couvrance indiqu\u00e9e est calcul\u00e9 pour les surfaces planes. Il faudra plus de materiel pour couvrir une surface poreuse ou imparfaite.<\/td>\n<\/tr>\n<\/tbody>\n<\/table>\n<\/div>\n<\/div>\n<\/div>\n","protected":false},"excerpt":{"rendered":"<div class=\"row\">\n<div class=\"col-md-12\">\n<p>Le PE-100 FC est un syst\u00e8me de rev\u00eatement \u00e9poxy \u00e0 deux composants sans solvant, con\u00e7u pour les applications \u00e0 durcissement rapide. Il pr\u00e9sente un tr\u00e8s bon aspect et des propri\u00e9t\u00e9s physiques.<\/p>\n<\/div>\n<\/div>\n<p style=\"color: #fff;\">.<\/p>\n<div class=\"row advantagess\">\n<div class=\"col-md-12\">\n<h3 class=\"section-title\">AVANTAGES<\/h3>\n<ul>\n<li>Surface dense r\u00e9sistante aux bact\u00e9ries et \u00e0 l\u2019humidit\u00e9 et facile \u00e0 nettoyer.<\/li>\n<li>Peut s\u2019appliquer plusieurs couches sur lui-m\u00eame avec une excellente adh\u00e9rence.<\/li>\n<li>Ne contient pas de solvant \u00e0 tr\u00e8s faible teneur en COV (COV = 75,4 g\/litres), permettant une application int\u00e9rieure sans odeurs nocives.<\/li>\n<li>Excellentes propri\u00e9t\u00e9s adh\u00e9sives, permettant une application sur d\u2019autres rev\u00eatements fermes et durs, ainsi qu\u2019une bonne adh\u00e9rence au substrat.<\/li>\n<\/ul>\n<p style=\"color: #fff;\">.<\/p>\n<p><img decoding=\"async\" class=\"alignnone size-medium wp-image-4777\" src=\"https:\/\/www.plancherchic.com\/boutique\/wp-content\/uploads\/2024\/04\/epoxy-tints.png\" alt=\"\" width=\"100%\" srcset=\"https:\/\/www.plancherchic.com\/boutique\/wp-content\/uploads\/2024\/04\/epoxy-tints.png 735w, https:\/\/www.plancherchic.com\/boutique\/wp-content\/uploads\/2024\/04\/epoxy-tints-300x276.png 300w, https:\/\/www.plancherchic.com\/boutique\/wp-content\/uploads\/2024\/04\/epoxy-tints-600x553.png 600w\" sizes=\"(max-width: 735px) 100vw, 735px\" \/><\/p>\n<\/div>\n<\/div>\n<p style=\"color: #fff;\">.<\/p>\n","protected":false},"featured_media":4729,"template":"","meta":[],"product_cat":[15],"product_tag":[],"class_list":{"0":"post-4712","1":"product","2":"type-product","3":"status-publish","4":"has-post-thumbnail","6":"product_cat-epoxy","7":"entry","8":"has-media","10":"first","11":"instock","12":"taxable","13":"shipping-taxable","14":"purchasable","15":"product-type-variable","16":"col","17":"span_1_of_3","18":"wvn-content-left","19":"wvn-thumbs-layout-horizontal","20":"wvn-btn-normal","21":"wvn-tabs-layout-horizontal","22":"has-no-thumbnails"},"_links":{"self":[{"href":"https:\/\/www.plancherchic.com\/boutique\/wp-json\/wp\/v2\/product\/4712","targetHints":{"allow":["GET"]}}],"collection":[{"href":"https:\/\/www.plancherchic.com\/boutique\/wp-json\/wp\/v2\/product"}],"about":[{"href":"https:\/\/www.plancherchic.com\/boutique\/wp-json\/wp\/v2\/types\/product"}],"wp:featuredmedia":[{"embeddable":true,"href":"https:\/\/www.plancherchic.com\/boutique\/wp-json\/wp\/v2\/media\/4729"}],"wp:attachment":[{"href":"https:\/\/www.plancherchic.com\/boutique\/wp-json\/wp\/v2\/media?parent=4712"}],"wp:term":[{"taxonomy":"product_cat","embeddable":true,"href":"https:\/\/www.plancherchic.com\/boutique\/wp-json\/wp\/v2\/product_cat?post=4712"},{"taxonomy":"product_tag","embeddable":true,"href":"https:\/\/www.plancherchic.com\/boutique\/wp-json\/wp\/v2\/product_tag?post=4712"}],"curies":[{"name":"wp","href":"https:\/\/api.w.org\/{rel}","templated":true}]}}